{"id":216,"date":"2025-07-31T20:51:31","date_gmt":"2025-07-31T20:51:31","guid":{"rendered":"https:\/\/paocom.art\/loja\/?post_type=product&#038;p=216"},"modified":"2026-02-17T20:36:28","modified_gmt":"2026-02-17T20:36:28","slug":"o-essencial-da-padaria-artesanal-capa-comum","status":"publish","type":"product","link":"https:\/\/paocom.art\/loja\/produto\/o-essencial-da-padaria-artesanal-capa-comum\/","title":{"rendered":"O essencial da padaria artesanal &#8211; Capa comum"},"content":{"rendered":"<p data-path-to-node=\"11\"><b data-path-to-node=\"11\" data-index-in-node=\"0\">T\u00edtulo: O Essencial da Padaria Artesanal &#8211; 1 edi\u00e7\u00e3o : O Livro que se Calcula Sozinho<\/b><\/p>\n<p data-path-to-node=\"12\">Aprenda com a experi\u00eancia de <b data-path-to-node=\"12\" data-index-in-node=\"29\">Carlos Pisco<\/b> e utilize a tecnologia a seu favor. Este livro ensina as bases fundamentais da panifica\u00e7\u00e3o artesanal e liga-se diretamente \u00e0s novas ferramentas do <a href=\"https:\/\/paocom.art\/novo\/\"><b data-path-to-node=\"12\" data-index-in-node=\"189\">paocom.art<\/b><\/a>, onde as receitas e o c\u00e1lculo se tornam um s\u00f3.<\/p>\n<p data-path-to-node=\"13\"><b data-path-to-node=\"13\" data-index-in-node=\"0\">Vantagens Exclusivas:<\/b><\/p>\n<ul data-path-to-node=\"14\">\n<li>\n<p data-path-to-node=\"14,0,0\"><b data-path-to-node=\"14,0,0\" data-index-in-node=\"0\">Zero Erros de C\u00e1lculo:<\/b> Esque\u00e7a as contas complicadas. A calculadora de receitas trata das percentagens de padeiro e hidrata\u00e7\u00e3o por si.<\/p>\n<\/li>\n<li>\n<p data-path-to-node=\"14,1,0\"><b data-path-to-node=\"14,1,0\" data-index-in-node=\"0\">Suporte Inteligente:<\/b> O chatbot BREDY ajuda-o a adaptar as receitas do livro ao seu ambiente (temperatura, humidade e farinha).<\/p>\n<\/li>\n<li>\n<p data-path-to-node=\"14,2,0\"><b data-path-to-node=\"14,2,0\" data-index-in-node=\"0\">Organiza\u00e7\u00e3o Profissional:<\/b> Acesso a utilit\u00e1rios de padaria (agenda de fermenta\u00e7\u00e3o e custos por unidade) e impress\u00e3o de receitas.<\/p>\n<\/li>\n<\/ul>\n<p data-path-to-node=\"15\"><b data-path-to-node=\"15\" data-index-in-node=\"0\">O guia perfeito para o padeiro moderno.<\/b><\/p>\n<p><a href=\"https:\/\/paocom.art\/novo\/\">https:\/\/paocom.art\/novo\/<\/a><\/p>\n","protected":false},"excerpt":{"rendered":"<h2>Detalhes do produto<\/h2>\n<div id=\"detailBullets_feature_div\">\n<ul class=\"a-unordered-list a-nostyle a-vertical a-spacing-none detail-bullet-list\">\n<li><span class=\"a-list-item\"><span class=\"a-text-bold\">ASIN \u200f : \u200e\u00a0<\/span>B0FJ8M7XXY<\/span><\/li>\n<li><span class=\"a-list-item\"><span class=\"a-text-bold\">Editora \u200f : \u200e\u00a0<\/span>Independently published<\/span><\/li>\n<li><span class=\"a-list-item\"><span class=\"a-text-bold\">Data da publica\u00e7\u00e3o \u200f : \u200e\u00a0<\/span>9 julho 2025<\/span><\/li>\n<li><span class=\"a-list-item\"><span class=\"a-text-bold\">Idioma \u200f : \u200e\u00a0<\/span>Portugu\u00eas<\/span><\/li>\n<li><span class=\"a-list-item\"><span class=\"a-text-bold\">N\u00famero de p\u00e1ginas \u200f : \u200e\u00a0<\/span>191 p\u00e1ginas<\/span><\/li>\n<li><span class=\"a-list-item\"><span class=\"a-text-bold\">ISBN-13 \u200f : \u200e\u00a0<\/span>979-8291849408<\/span><\/li>\n<li><span class=\"a-list-item\"><span class=\"a-text-bold\">Peso do produto \u200f : \u200e\u00a0<\/span>349 g<\/span><\/li>\n<li><span class=\"a-list-item\"><span class=\"a-text-bold\">Dimens\u00f5es \u200f : \u200e\u00a0<\/span>15.24 x 1.12 x 22.86 cm<\/span><\/li>\n<\/ul>\n<\/div>\n","protected":false},"featured_media":217,"comment_status":"open","ping_status":"closed","template":"","meta":[],"product_brand":[],"product_cat":[50,16],"product_tag":[],"class_list":{"0":"post-216","1":"product","2":"type-product","3":"status-publish","4":"has-post-thumbnail","6":"product_cat-livro-fisico","7":"product_cat-livros","9":"first","10":"instock","11":"purchasable","12":"product-type-simple"},"_links":{"self":[{"href":"https:\/\/paocom.art\/loja\/wp-json\/wp\/v2\/product\/216","targetHints":{"allow":["GET"]}}],"collection":[{"href":"https:\/\/paocom.art\/loja\/wp-json\/wp\/v2\/product"}],"about":[{"href":"https:\/\/paocom.art\/loja\/wp-json\/wp\/v2\/types\/product"}],"replies":[{"embeddable":true,"href":"https:\/\/paocom.art\/loja\/wp-json\/wp\/v2\/comments?post=216"}],"wp:featuredmedia":[{"embeddable":true,"href":"https:\/\/paocom.art\/loja\/wp-json\/wp\/v2\/media\/217"}],"wp:attachment":[{"href":"https:\/\/paocom.art\/loja\/wp-json\/wp\/v2\/media?parent=216"}],"wp:term":[{"taxonomy":"product_brand","embeddable":true,"href":"https:\/\/paocom.art\/loja\/wp-json\/wp\/v2\/product_brand?post=216"},{"taxonomy":"product_cat","embeddable":true,"href":"https:\/\/paocom.art\/loja\/wp-json\/wp\/v2\/product_cat?post=216"},{"taxonomy":"product_tag","embeddable":true,"href":"https:\/\/paocom.art\/loja\/wp-json\/wp\/v2\/product_tag?post=216"}],"curies":[{"name":"wp","href":"https:\/\/api.w.org\/{rel}","templated":true}]}}