{"id":251,"date":"2025-12-13T17:12:18","date_gmt":"2025-12-13T17:12:18","guid":{"rendered":"https:\/\/paocom.art\/loja\/?post_type=product&#038;p=251"},"modified":"2025-12-21T10:03:13","modified_gmt":"2025-12-21T10:03:13","slug":"o-essencial-da-padaria-artesanal-uma-versao-sustentavel-viva-digital-e-com-alma-2-edicao","status":"publish","type":"product","link":"https:\/\/paocom.art\/loja\/produto\/o-essencial-da-padaria-artesanal-uma-versao-sustentavel-viva-digital-e-com-alma-2-edicao\/","title":{"rendered":"O essencial da padaria artesanal: Uma vers\u00e3o sustent\u00e1vel \u2014 viva, digital e com alma &#8211; 2 edi\u00e7\u00e3o"},"content":{"rendered":"<p>O Essencial da Padaria Artesanal<br \/>\nUma vers\u00e3o sustent\u00e1vel \u2014 viva, digital e com alma<\/p>\n<p>Nesta edi\u00e7\u00e3o Eco, o p\u00e3o n\u00e3o se limita ao papel.<\/p>\n<p>Criado para quem valoriza o sabor e o saber, mas tamb\u00e9m o planeta, este livro apresenta uma forma inovadora e consciente de partilhar o essencial da padaria artesanal.<\/p>\n<p>As receitas est\u00e3o acess\u00edveis atrav\u00e9s de\u00a0<span class=\"a-text-bold\">QR Codes<\/span>, levando o leitor a uma plataforma online onde encontrar\u00e1 os procedimentos completos, imagens ilustrativas, curiosidades e dicas pr\u00e1ticas.<\/p>\n<p><span class=\"a-text-bold\">\ud83c\udf31 Menos p\u00e1ginas impressas. Mais conte\u00fado vivo.<\/span><\/p>\n<p>\ud83c\udf3e Todos os meses, novas receitas s\u00e3o adicionadas, mantendo o livro em constante fermenta\u00e7\u00e3o criativa.<\/p>\n<p>Esta edi\u00e7\u00e3o reduz o impacto ambiental, elimina o excesso de papel e promove uma experi\u00eancia interativa e po\u00e9tica. \u00c9 um convite a fazer p\u00e3o com alma, de forma leve, atual e sustent\u00e1vel.<\/p>\n<p><span class=\"a-text-italic\">Porque o essencial tamb\u00e9m se pode viver com menos \u2014 e com mais verdade.<\/span><\/p>\n<p>&#8220;Ideal para quem procura receitas de p\u00e3o artesanal com massa m\u00e3e, esta edi\u00e7\u00e3o eco permite aceder online \u00e0s instru\u00e7\u00f5es completas atrav\u00e9s de QR Codes.&#8221;<\/p>\n","protected":false},"excerpt":{"rendered":"<p>Esta edi\u00e7\u00e3o reduz o impacto ambiental, elimina o excesso de papel e promove uma experi\u00eancia interativa e po\u00e9tica. \u00c9 um convite a fazer p\u00e3o com alma, de forma leve, atual e sustent\u00e1vel.<\/p>\n<p><span class=\"a-text-italic\">Porque o essencial tamb\u00e9m se pode viver com menos \u2014 e com mais verdade.<\/span><\/p>\n<p>&#8220;Ideal para quem procura receitas de p\u00e3o artesanal com massa m\u00e3e, esta edi\u00e7\u00e3o eco permite aceder online \u00e0s instru\u00e7\u00f5es completas atrav\u00e9s de QR Codes.&#8221;<\/p>\n","protected":false},"featured_media":253,"comment_status":"open","ping_status":"closed","template":"","meta":[],"product_brand":[64],"product_cat":[50,16],"product_tag":[47,44,30,20,37,41,23,39,19,22,43,28],"class_list":{"0":"post-251","1":"product","2":"type-product","3":"status-publish","4":"has-post-thumbnail","6":"product_brand-paocom-art","7":"product_cat-livro-fisico","8":"product_cat-livros","9":"product_tag-acesso-digital","10":"product_tag-dicas-de-panificacao","11":"product_tag-fermentacao-lenta","12":"product_tag-fermentacao-natural","13":"product_tag-ferramenta-de-consulta","14":"product_tag-imprimir-receitas","15":"product_tag-pao-biologico","16":"product_tag-pao-com-alma","17":"product_tag-pao-com-massa-mae","18":"product_tag-receitas-de-pao","19":"product_tag-tecnica-do-padeiro","20":"product_tag-tecnicas-de-panificacao","22":"first","23":"instock","24":"taxable","25":"shipping-taxable","26":"purchasable","27":"product-type-simple"},"_links":{"self":[{"href":"https:\/\/paocom.art\/loja\/wp-json\/wp\/v2\/product\/251","targetHints":{"allow":["GET"]}}],"collection":[{"href":"https:\/\/paocom.art\/loja\/wp-json\/wp\/v2\/product"}],"about":[{"href":"https:\/\/paocom.art\/loja\/wp-json\/wp\/v2\/types\/product"}],"replies":[{"embeddable":true,"href":"https:\/\/paocom.art\/loja\/wp-json\/wp\/v2\/comments?post=251"}],"wp:featuredmedia":[{"embeddable":true,"href":"https:\/\/paocom.art\/loja\/wp-json\/wp\/v2\/media\/253"}],"wp:attachment":[{"href":"https:\/\/paocom.art\/loja\/wp-json\/wp\/v2\/media?parent=251"}],"wp:term":[{"taxonomy":"product_brand","embeddable":true,"href":"https:\/\/paocom.art\/loja\/wp-json\/wp\/v2\/product_brand?post=251"},{"taxonomy":"product_cat","embeddable":true,"href":"https:\/\/paocom.art\/loja\/wp-json\/wp\/v2\/product_cat?post=251"},{"taxonomy":"product_tag","embeddable":true,"href":"https:\/\/paocom.art\/loja\/wp-json\/wp\/v2\/product_tag?post=251"}],"curies":[{"name":"wp","href":"https:\/\/api.w.org\/{rel}","templated":true}]}}